{"id":218,"date":"2023-09-16T15:45:01","date_gmt":"2023-09-16T15:45:01","guid":{"rendered":"http:\/\/bliss-conseilenimage.fr\/?page_id=218"},"modified":"2023-09-18T17:39:14","modified_gmt":"2023-09-18T17:39:14","slug":"conseils","status":"publish","type":"page","link":"http:\/\/bliss-conseilenimage.fr\/de\/conseils","title":{"rendered":"Liste de mes derniers articles"},"content":{"rendered":"\n<div class=\"wp-block-query is-layout-flow wp-block-query-is-layout-flow\"><ul class=\"wp-block-post-template is-layout-flow wp-block-post-template-is-layout-flow\"><li class=\"wp-block-post post-1 post type-post status-publish format-standard has-post-thumbnail hentry category-uncategorized entry has-media\">\n\n<div class=\"wp-block-columns alignwide is-layout-flex wp-container-core-columns-is-layout-9d6595d7 wp-block-columns-is-layout-flex\">\n<div class=\"wp-block-column is-layout-flow wp-block-column-is-layout-flow\" style=\"flex-basis:66.66%\"><figure class=\"wp-block-post-featured-image\"><a href=\"http:\/\/bliss-conseilenimage.fr\/de\/bliss-blog-de-conseil-de-mode-par-angelique-plein-dastuce-beaute\" target=\"_self\"  ><img fetchpriority=\"high\" decoding=\"async\" width=\"1510\" height=\"1350\" src=\"http:\/\/bliss-conseilenimage.fr\/wp-content\/uploads\/2023\/09\/7-5.png\" class=\"attachment-post-thumbnail size-post-thumbnail wp-post-image\" alt=\"Bliss le blog\" style=\"object-fit:cover;\" srcset=\"http:\/\/bliss-conseilenimage.fr\/wp-content\/uploads\/2023\/09\/7-5.png 1510w, http:\/\/bliss-conseilenimage.fr\/wp-content\/uploads\/2023\/09\/7-5-300x268.png 300w, http:\/\/bliss-conseilenimage.fr\/wp-content\/uploads\/2023\/09\/7-5-1024x915.png 1024w, http:\/\/bliss-conseilenimage.fr\/wp-content\/uploads\/2023\/09\/7-5-768x687.png 768w\" sizes=\"(max-width: 1510px) 100vw, 1510px\" \/><\/a><\/figure><\/div>\n\n\n\n<div class=\"wp-block-column is-layout-flow wp-block-column-is-layout-flow\" style=\"flex-basis:33.33%\"><h2 class=\"wp-block-post-title\"><a href=\"http:\/\/bliss-conseilenimage.fr\/de\/bliss-blog-de-conseil-de-mode-par-angelique-plein-dastuce-beaute\" target=\"_self\" >Bliss le blog<\/a><\/h2>\n\n<div class=\"wp-block-post-excerpt\"><p class=\"wp-block-post-excerpt__excerpt\">Bienvenue sur Bliss le blog. Voici mon premier article de blog sur lequel j&#8217;aimerai vous partager quelques conseils de mode g\u00e9n\u00e9raux qui peuvent vous aider \u00e0 am\u00e9liorer votre style personnel. Passez \u00e0 l&#8217;action : N&#8217;oubliez pas que la mode est une forme d&#8217;expression personnelle, alors amusez-vous \u00e0 exp\u00e9rimenter et \u00e0 cr\u00e9er votre propre style unique&hellip; <\/p><\/div><\/div>\n<\/div>\n\n<\/li><\/ul><\/div>\n","protected":false},"excerpt":{"rendered":"","protected":false},"author":1,"featured_media":0,"parent":0,"menu_order":0,"comment_status":"closed","ping_status":"closed","template":"","meta":{"ocean_post_layout":"","ocean_both_sidebars_style":"","ocean_both_sidebars_content_width":0,"ocean_both_sidebars_sidebars_width":0,"ocean_sidebar":"","ocean_second_sidebar":"","ocean_disable_margins":"enable","ocean_add_body_class":"","ocean_shortcode_before_top_bar":"","ocean_shortcode_after_top_bar":"","ocean_shortcode_before_header":"","ocean_shortcode_after_header":"","ocean_has_shortcode":"","ocean_shortcode_after_title":"","ocean_shortcode_before_footer_widgets":"","ocean_shortcode_after_footer_widgets":"","ocean_shortcode_before_footer_bottom":"","ocean_shortcode_after_footer_bottom":"","ocean_display_top_bar":"default","ocean_display_header":"default","ocean_header_style":"","ocean_center_header_left_menu":"","ocean_custom_header_template":"","ocean_custom_logo":0,"ocean_custom_retina_logo":0,"ocean_custom_logo_max_width":0,"ocean_custom_logo_tablet_max_width":0,"ocean_custom_logo_mobile_max_width":0,"ocean_custom_logo_max_height":0,"ocean_custom_logo_tablet_max_height":0,"ocean_custom_logo_mobile_max_height":0,"ocean_header_custom_menu":"","ocean_menu_typo_font_family":"","ocean_menu_typo_font_subset":"","ocean_menu_typo_font_size":0,"ocean_menu_typo_font_size_tablet":0,"ocean_menu_typo_font_size_mobile":0,"ocean_menu_typo_font_size_unit":"px","ocean_menu_typo_font_weight":"","ocean_menu_typo_font_weight_tablet":"","ocean_menu_typo_font_weight_mobile":"","ocean_menu_typo_transform":"","ocean_menu_typo_transform_tablet":"","ocean_menu_typo_transform_mobile":"","ocean_menu_typo_line_height":0,"ocean_menu_typo_line_height_tablet":0,"ocean_menu_typo_line_height_mobile":0,"ocean_menu_typo_line_height_unit":"","ocean_menu_typo_spacing":0,"ocean_menu_typo_spacing_tablet":0,"ocean_menu_typo_spacing_mobile":0,"ocean_menu_typo_spacing_unit":"","ocean_menu_link_color":"","ocean_menu_link_color_hover":"","ocean_menu_link_color_active":"","ocean_menu_link_background":"","ocean_menu_link_hover_background":"","ocean_menu_link_active_background":"","ocean_menu_social_links_bg":"","ocean_menu_social_hover_links_bg":"","ocean_menu_social_links_color":"","ocean_menu_social_hover_links_color":"","ocean_disable_title":"default","ocean_disable_heading":"default","ocean_post_title":"","ocean_post_subheading":"","ocean_post_title_style":"","ocean_post_title_background_color":"","ocean_post_title_background":0,"ocean_post_title_bg_image_position":"","ocean_post_title_bg_image_attachment":"","ocean_post_title_bg_image_repeat":"","ocean_post_title_bg_image_size":"","ocean_post_title_height":0,"ocean_post_title_bg_overlay":0.5,"ocean_post_title_bg_overlay_color":"","ocean_disable_breadcrumbs":"default","ocean_breadcrumbs_color":"","ocean_breadcrumbs_separator_color":"","ocean_breadcrumbs_links_color":"","ocean_breadcrumbs_links_hover_color":"","ocean_display_footer_widgets":"default","ocean_display_footer_bottom":"default","ocean_custom_footer_template":"","footnotes":""},"class_list":["post-218","page","type-page","status-publish","hentry","entry"],"translation":{"provider":"WPGlobus","version":"3.0.2","language":"de","enabled_languages":["en","es","de","fr","ru"],"languages":{"en":{"title":true,"content":true,"excerpt":false},"es":{"title":false,"content":false,"excerpt":false},"de":{"title":false,"content":false,"excerpt":false},"fr":{"title":false,"content":false,"excerpt":false},"ru":{"title":false,"content":false,"excerpt":false}}},"yoast_head":"<!-- This site is optimized with the Yoast SEO plugin v27.5 - https:\/\/yoast.com\/product\/yoast-seo-wordpress\/ -->\n<title>Liste de mes derniers articles - bliss<\/title>\n<meta name=\"robots\" content=\"index, follow, max-snippet:-1, max-image-preview:large, max-video-preview:-1\" \/>\n<link rel=\"canonical\" href=\"http:\/\/bliss-conseilenimage.fr\/conseils\" \/>\n<meta property=\"og:locale\" content=\"de_DE\" \/>\n<meta property=\"og:type\" content=\"article\" \/>\n<meta property=\"og:title\" content=\"Liste de mes derniers articles - bliss\" \/>\n<meta property=\"og:url\" content=\"http:\/\/bliss-conseilenimage.fr\/conseils\" \/>\n<meta property=\"og:site_name\" content=\"bliss\" \/>\n<meta property=\"article:modified_time\" content=\"2023-09-18T17:39:14+00:00\" \/>\n<meta name=\"twitter:card\" content=\"summary_large_image\" \/>\n<script type=\"application\/ld+json\" class=\"yoast-schema-graph\">{\"@context\":\"https:\\\/\\\/schema.org\",\"@graph\":[{\"@type\":\"WebPage\",\"@id\":\"http:\\\/\\\/bliss-conseilenimage.fr\\\/conseils\",\"url\":\"http:\\\/\\\/bliss-conseilenimage.fr\\\/conseils\",\"name\":\"Liste de mes derniers articles - bliss\",\"isPartOf\":{\"@id\":\"https:\\\/\\\/bliss-conseilenimage.fr\\\/es\\\/#website\"},\"datePublished\":\"2023-09-16T15:45:01+00:00\",\"dateModified\":\"2023-09-18T17:39:14+00:00\",\"breadcrumb\":{\"@id\":\"http:\\\/\\\/bliss-conseilenimage.fr\\\/conseils#breadcrumb\"},\"inLanguage\":\"de-DE\",\"potentialAction\":[{\"@type\":\"ReadAction\",\"target\":[\"http:\\\/\\\/bliss-conseilenimage.fr\\\/conseils\"]}]},{\"@type\":\"BreadcrumbList\",\"@id\":\"http:\\\/\\\/bliss-conseilenimage.fr\\\/conseils#breadcrumb\",\"itemListElement\":[{\"@type\":\"ListItem\",\"position\":1,\"name\":\"Accueil\",\"item\":\"https:\\\/\\\/bliss-conseilenimage.fr\\\/es\\\/\"},{\"@type\":\"ListItem\",\"position\":2,\"name\":\"Liste de mes derniers articles\"}]},{\"@type\":\"WebSite\",\"@id\":\"https:\\\/\\\/bliss-conseilenimage.fr\\\/es\\\/#website\",\"url\":\"https:\\\/\\\/bliss-conseilenimage.fr\\\/es\\\/\",\"name\":\"bliss\",\"description\":\"conseil en image\",\"publisher\":{\"@id\":\"https:\\\/\\\/bliss-conseilenimage.fr\\\/es\\\/#organization\"},\"potentialAction\":[{\"@type\":\"SearchAction\",\"target\":{\"@type\":\"EntryPoint\",\"urlTemplate\":\"https:\\\/\\\/bliss-conseilenimage.fr\\\/es\\\/?s={search_term_string}\"},\"query-input\":{\"@type\":\"PropertyValueSpecification\",\"valueRequired\":true,\"valueName\":\"search_term_string\"}}],\"inLanguage\":\"de-DE\"},{\"@type\":\"Organization\",\"@id\":\"https:\\\/\\\/bliss-conseilenimage.fr\\\/es\\\/#organization\",\"name\":\"bliss\",\"url\":\"https:\\\/\\\/bliss-conseilenimage.fr\\\/es\\\/\",\"logo\":{\"@type\":\"ImageObject\",\"inLanguage\":\"de-DE\",\"@id\":\"https:\\\/\\\/bliss-conseilenimage.fr\\\/es\\\/#\\\/schema\\\/logo\\\/image\\\/\",\"url\":\"http:\\\/\\\/bliss-conseilenimage.fr\\\/wp-content\\\/uploads\\\/2023\\\/09\\\/cropped-cropped-Bliss-cuivre-fond-transparent-1-1.png\",\"contentUrl\":\"http:\\\/\\\/bliss-conseilenimage.fr\\\/wp-content\\\/uploads\\\/2023\\\/09\\\/cropped-cropped-Bliss-cuivre-fond-transparent-1-1.png\",\"width\":335,\"height\":219,\"caption\":\"bliss\"},\"image\":{\"@id\":\"https:\\\/\\\/bliss-conseilenimage.fr\\\/es\\\/#\\\/schema\\\/logo\\\/image\\\/\"}}]}<\/script>\n<!-- \/ Yoast SEO plugin. -->","yoast_head_json":{"title":"Liste de mes derniers articles - bliss","robots":{"index":"index","follow":"follow","max-snippet":"max-snippet:-1","max-image-preview":"max-image-preview:large","max-video-preview":"max-video-preview:-1"},"canonical":"http:\/\/bliss-conseilenimage.fr\/conseils","og_locale":"de_DE","og_type":"article","og_title":"Liste de mes derniers articles - bliss","og_url":"http:\/\/bliss-conseilenimage.fr\/conseils","og_site_name":"bliss","article_modified_time":"2023-09-18T17:39:14+00:00","twitter_card":"summary_large_image","schema":{"@context":"https:\/\/schema.org","@graph":[{"@type":"WebPage","@id":"http:\/\/bliss-conseilenimage.fr\/conseils","url":"http:\/\/bliss-conseilenimage.fr\/conseils","name":"Liste de mes derniers articles - bliss","isPartOf":{"@id":"https:\/\/bliss-conseilenimage.fr\/es\/#website"},"datePublished":"2023-09-16T15:45:01+00:00","dateModified":"2023-09-18T17:39:14+00:00","breadcrumb":{"@id":"http:\/\/bliss-conseilenimage.fr\/conseils#breadcrumb"},"inLanguage":"de-DE","potentialAction":[{"@type":"ReadAction","target":["http:\/\/bliss-conseilenimage.fr\/conseils"]}]},{"@type":"BreadcrumbList","@id":"http:\/\/bliss-conseilenimage.fr\/conseils#breadcrumb","itemListElement":[{"@type":"ListItem","position":1,"name":"Accueil","item":"https:\/\/bliss-conseilenimage.fr\/es\/"},{"@type":"ListItem","position":2,"name":"Liste de mes derniers articles"}]},{"@type":"WebSite","@id":"https:\/\/bliss-conseilenimage.fr\/es\/#website","url":"https:\/\/bliss-conseilenimage.fr\/es\/","name":"bliss","description":"conseil en image","publisher":{"@id":"https:\/\/bliss-conseilenimage.fr\/es\/#organization"},"potentialAction":[{"@type":"SearchAction","target":{"@type":"EntryPoint","urlTemplate":"https:\/\/bliss-conseilenimage.fr\/es\/?s={search_term_string}"},"query-input":{"@type":"PropertyValueSpecification","valueRequired":true,"valueName":"search_term_string"}}],"inLanguage":"de-DE"},{"@type":"Organization","@id":"https:\/\/bliss-conseilenimage.fr\/es\/#organization","name":"bliss","url":"https:\/\/bliss-conseilenimage.fr\/es\/","logo":{"@type":"ImageObject","inLanguage":"de-DE","@id":"https:\/\/bliss-conseilenimage.fr\/es\/#\/schema\/logo\/image\/","url":"http:\/\/bliss-conseilenimage.fr\/wp-content\/uploads\/2023\/09\/cropped-cropped-Bliss-cuivre-fond-transparent-1-1.png","contentUrl":"http:\/\/bliss-conseilenimage.fr\/wp-content\/uploads\/2023\/09\/cropped-cropped-Bliss-cuivre-fond-transparent-1-1.png","width":335,"height":219,"caption":"bliss"},"image":{"@id":"https:\/\/bliss-conseilenimage.fr\/es\/#\/schema\/logo\/image\/"}}]}},"_links":{"self":[{"href":"http:\/\/bliss-conseilenimage.fr\/de\/wp-json\/wp\/v2\/pages\/218","targetHints":{"allow":["GET"]}}],"collection":[{"href":"http:\/\/bliss-conseilenimage.fr\/de\/wp-json\/wp\/v2\/pages"}],"about":[{"href":"http:\/\/bliss-conseilenimage.fr\/de\/wp-json\/wp\/v2\/types\/page"}],"author":[{"embeddable":true,"href":"http:\/\/bliss-conseilenimage.fr\/de\/wp-json\/wp\/v2\/users\/1"}],"replies":[{"embeddable":true,"href":"http:\/\/bliss-conseilenimage.fr\/de\/wp-json\/wp\/v2\/comments?post=218"}],"version-history":[{"count":4,"href":"http:\/\/bliss-conseilenimage.fr\/de\/wp-json\/wp\/v2\/pages\/218\/revisions"}],"predecessor-version":[{"id":694,"href":"http:\/\/bliss-conseilenimage.fr\/de\/wp-json\/wp\/v2\/pages\/218\/revisions\/694"}],"wp:attachment":[{"href":"http:\/\/bliss-conseilenimage.fr\/de\/wp-json\/wp\/v2\/media?parent=218"}],"curies":[{"name":"wp","href":"https:\/\/api.w.org\/{rel}","templated":true}]}}