{"id":478,"date":"2023-09-17T09:24:32","date_gmt":"2023-09-17T09:24:32","guid":{"rendered":"http:\/\/bliss-conseilenimage.fr\/?page_id=478"},"modified":"2023-09-17T09:24:43","modified_gmt":"2023-09-17T09:24:43","slug":"478-2","status":"publish","type":"page","link":"http:\/\/bliss-conseilenimage.fr\/de\/478-2","title":{"rendered":""},"content":{"rendered":"\n<h1 class=\"wp-block-heading\">MENTIONS L\u00c9GALES<\/h1>\n\n\n\n<h2 class=\"wp-block-heading\">D\u00c9COUVREZ NOS INFORMATION L\u00c9GALES<\/h2>\n\n\n\n<p><em>En vigueur au 17\/09\/20<\/em>23<br><br>Conform\u00e9ment aux dispositions des Articles 6-III et 19 de la Loi n\u00b02004-575 du 21 juin 2004 pour la Confiance dans l\u2019\u00e9conomie num\u00e9rique, dite L.C.E.N., il est port\u00e9 \u00e0 la connaissance des Utilisateurs du site\u00a0<a href=\"https:\/\/www.bliss-conseilenimage.fr\">https:\/\/www.bliss-conseilenimage.fr<\/a> les pr\u00e9sentes mentions l\u00e9gales.<br>La connexion et la navigation sur le<a href=\"http:\/\/bliss-conseilenimage.fr\/\"> <\/a>site bliss-conseilenimage.com par l\u2019Utilisateur implique acceptation int\u00e9grale et sans r\u00e9serve des pr\u00e9sentes mentions l\u00e9gales.<br>Ces derni\u00e8res sont accessibles sur le site \u00e0 la rubrique \u00ab Mentions l\u00e9gales \u00bb.<br>\u00a0<\/p>\n\n\n\n<p>\u200b<\/p>\n\n\n\n<h1 class=\"wp-block-heading\">ARTICLE 1 : L\u2019\u00e9diteur<br>&nbsp;<\/h1>\n\n\n\n<p>L\u2019\u00e9dition et la direction de la publication du site\u00a0bliss-conseilenimage.com est assur\u00e9e par <a href=\"https:\/\/agence-lx.fr\/\">Agence LX<\/a>, domicili\u00e9 16 chemin du Rompey 01100 ARBENT<br>\u00a0<\/p>\n\n\n\n<h1 class=\"wp-block-heading\">ARTICLE 2 : L\u2019h\u00e9bergeur<br>&nbsp;<\/h1>\n\n\n\n<p>L&#8217;h\u00e9bergeur du site\u00a0bliss-conseilenimage.com est la Soci\u00e9t\u00e9 Ionos.com <br>\u00a0<\/p>\n\n\n\n<h1 class=\"wp-block-heading\">ARTICLE 3 : Acc\u00e8s au site<br>&nbsp;<\/h1>\n\n\n\n<p>Le site est accessible par tout endroit, 7j\/7, 24h\/24 sauf cas de force majeure, interruption programm\u00e9e ou non et pouvant d\u00e9couler&nbsp;d\u2019une n\u00e9cessit\u00e9 de maintenance.<\/p>\n\n\n\n<p>En cas de modification, interruption ou suspension des services le site ne saurait \u00eatre tenu responsable.<br>\u00a0<\/p>\n\n\n\n<h1 class=\"wp-block-heading\">ARTICLE 4 : Collecte des donn\u00e9es<\/h1>\n\n\n\n<p><br>Toute information recueillie sur le site web\u00a0bliss-conseilenimage.com se font dans le cadre des besoins li\u00e9s \u00e0 l\u2019utilisation de notre plateforme, tels que le formulaire de contact, de r\u00e9servation ou de demande de devis.<\/p>\n\n\n\n<p>Nous nous engageons \u00e0 ne c\u00e9der en aucun cas les informations concernant les utilisateurs du site Internet, de quelque fa\u00e7on qu\u2019il soit (vente, \u00e9change, pr\u00eat, location, don).<\/p>\n\n\n\n<p>Conform\u00e9ment \u00e0 la loi \u00ab informatique et libert\u00e9s \u00bb du 6 janvier 1978 modifi\u00e9e en 2004, l\u2019Utilisateur b\u00e9n\u00e9ficie d\u2019un droit d\u2019acc\u00e8s et de rectification aux informations le concernant, droit qu\u2019il peut exercer \u00e0 tout moment en adressant un mail \u00e0 l\u2019adresse : angelique@bliss-conseilenimage.fr<\/p>\n\n\n\n<p>ARTICLE 5 : Cookies<\/p>\n\n\n\n<p><br>L\u2019Utilisateur est inform\u00e9 que lors de ses visites sur le site, un cookie peut s\u2019installer automatiquement sur son logiciel de navigation.<\/p>\n\n\n\n<p>En naviguant sur le site, il les accepte.<\/p>\n\n\n\n<p>Un cookie est un \u00e9l\u00e9ment qui ne permet pas d\u2019identifier l\u2019Utilisateur mais sert \u00e0 enregistrer des informations relatives \u00e0 la navigation de celui-ci sur le site Internet. L\u2019Utilisateur pourra d\u00e9sactiver ce cookie par l\u2019interm\u00e9diaire des param\u00e8tres figurant au sein de son logiciel de navigation.<br>&nbsp;<\/p>\n\n\n\n<h1 class=\"wp-block-heading\">ARTICLE 6 : Propri\u00e9t\u00e9 intellectuelle<\/h1>\n\n\n\n<p><br>Toute utilisation, reproduction, diffusion, commercialisation, modification de toute ou partie du site bliss-conseilenimage.com\u00a0sans autorisation de l\u2019Editeur est prohib\u00e9e et pourra entra\u00een\u00e9e des actions et poursuites judiciaires telles que notamment pr\u00e9vues par le Code de la propri\u00e9t\u00e9 intellectuelle et le Code civil.<\/p>\n","protected":false},"excerpt":{"rendered":"<p>MENTIONS L\u00c9GALES D\u00c9COUVREZ NOS INFORMATION L\u00c9GALES En vigueur au 17\/09\/2023 Conform\u00e9ment aux dispositions des Articles 6-III et 19 de la Loi n\u00b02004-575 du 21 juin 2004 pour la Confiance dans l\u2019\u00e9conomie num\u00e9rique, dite L.C.E.N., il est port\u00e9 \u00e0 la connaissance des Utilisateurs du site\u00a0https:\/\/www.bliss-conseilenimage.fr les pr\u00e9sentes mentions l\u00e9gales.La connexion et la navigation sur le site [&hellip;]<\/p>\n","protected":false},"author":1,"featured_media":0,"parent":0,"menu_order":0,"comment_status":"closed","ping_status":"closed","template":"","meta":{"ocean_post_layout":"","ocean_both_sidebars_style":"","ocean_both_sidebars_content_width":0,"ocean_both_sidebars_sidebars_width":0,"ocean_sidebar":"","ocean_second_sidebar":"","ocean_disable_margins":"enable","ocean_add_body_class":"","ocean_shortcode_before_top_bar":"","ocean_shortcode_after_top_bar":"","ocean_shortcode_before_header":"","ocean_shortcode_after_header":"","ocean_has_shortcode":"","ocean_shortcode_after_title":"","ocean_shortcode_before_footer_widgets":"","ocean_shortcode_after_footer_widgets":"","ocean_shortcode_before_footer_bottom":"","ocean_shortcode_after_footer_bottom":"","ocean_display_top_bar":"default","ocean_display_header":"default","ocean_header_style":"","ocean_center_header_left_menu":"","ocean_custom_header_template":"","ocean_custom_logo":0,"ocean_custom_retina_logo":0,"ocean_custom_logo_max_width":0,"ocean_custom_logo_tablet_max_width":0,"ocean_custom_logo_mobile_max_width":0,"ocean_custom_logo_max_height":0,"ocean_custom_logo_tablet_max_height":0,"ocean_custom_logo_mobile_max_height":0,"ocean_header_custom_menu":"","ocean_menu_typo_font_family":"","ocean_menu_typo_font_subset":"","ocean_menu_typo_font_size":0,"ocean_menu_typo_font_size_tablet":0,"ocean_menu_typo_font_size_mobile":0,"ocean_menu_typo_font_size_unit":"px","ocean_menu_typo_font_weight":"","ocean_menu_typo_font_weight_tablet":"","ocean_menu_typo_font_weight_mobile":"","ocean_menu_typo_transform":"","ocean_menu_typo_transform_tablet":"","ocean_menu_typo_transform_mobile":"","ocean_menu_typo_line_height":0,"ocean_menu_typo_line_height_tablet":0,"ocean_menu_typo_line_height_mobile":0,"ocean_menu_typo_line_height_unit":"","ocean_menu_typo_spacing":0,"ocean_menu_typo_spacing_tablet":0,"ocean_menu_typo_spacing_mobile":0,"ocean_menu_typo_spacing_unit":"","ocean_menu_link_color":"","ocean_menu_link_color_hover":"","ocean_menu_link_color_active":"","ocean_menu_link_background":"","ocean_menu_link_hover_background":"","ocean_menu_link_active_background":"","ocean_menu_social_links_bg":"","ocean_menu_social_hover_links_bg":"","ocean_menu_social_links_color":"","ocean_menu_social_hover_links_color":"","ocean_disable_title":"default","ocean_disable_heading":"default","ocean_post_title":"","ocean_post_subheading":"","ocean_post_title_style":"","ocean_post_title_background_color":"","ocean_post_title_background":0,"ocean_post_title_bg_image_position":"","ocean_post_title_bg_image_attachment":"","ocean_post_title_bg_image_repeat":"","ocean_post_title_bg_image_size":"","ocean_post_title_height":0,"ocean_post_title_bg_overlay":0.5,"ocean_post_title_bg_overlay_color":"","ocean_disable_breadcrumbs":"default","ocean_breadcrumbs_color":"","ocean_breadcrumbs_separator_color":"","ocean_breadcrumbs_links_color":"","ocean_breadcrumbs_links_hover_color":"","ocean_display_footer_widgets":"default","ocean_display_footer_bottom":"default","ocean_custom_footer_template":"","footnotes":""},"class_list":["post-478","page","type-page","status-publish","hentry","entry"],"translation":{"provider":"WPGlobus","version":"3.0.2","language":"de","enabled_languages":["en","es","de","fr","ru"],"languages":{"en":{"title":false,"content":true,"excerpt":false},"es":{"title":false,"content":false,"excerpt":false},"de":{"title":false,"content":false,"excerpt":false},"fr":{"title":false,"content":false,"excerpt":false},"ru":{"title":false,"content":false,"excerpt":false}}},"yoast_head":"<!-- This site is optimized with the Yoast SEO plugin v27.5 - https:\/\/yoast.com\/product\/yoast-seo-wordpress\/ -->\n<title>- bliss<\/title>\n<meta name=\"robots\" content=\"index, follow, max-snippet:-1, max-image-preview:large, max-video-preview:-1\" \/>\n<link rel=\"canonical\" href=\"https:\/\/bliss-conseilenimage.fr\/478-2\" \/>\n<meta property=\"og:locale\" content=\"de_DE\" \/>\n<meta property=\"og:type\" content=\"article\" \/>\n<meta property=\"og:title\" content=\"- bliss\" \/>\n<meta property=\"og:url\" content=\"https:\/\/bliss-conseilenimage.fr\/478-2\" \/>\n<meta property=\"og:site_name\" content=\"bliss\" \/>\n<meta property=\"article:modified_time\" content=\"2023-09-17T09:24:43+00:00\" \/>\n<meta name=\"twitter:card\" content=\"summary_large_image\" \/>\n<meta name=\"twitter:label1\" content=\"Est. reading time\" \/>\n\t<meta name=\"twitter:data1\" content=\"3 minutes\" \/>\n<script type=\"application\/ld+json\" class=\"yoast-schema-graph\">{\"@context\":\"https:\\\/\\\/schema.org\",\"@graph\":[{\"@type\":\"WebPage\",\"@id\":\"https:\\\/\\\/bliss-conseilenimage.fr\\\/478-2\",\"url\":\"https:\\\/\\\/bliss-conseilenimage.fr\\\/478-2\",\"name\":\"- bliss\",\"isPartOf\":{\"@id\":\"https:\\\/\\\/bliss-conseilenimage.fr\\\/es\\\/#website\"},\"datePublished\":\"2023-09-17T09:24:32+00:00\",\"dateModified\":\"2023-09-17T09:24:43+00:00\",\"inLanguage\":\"de-DE\",\"potentialAction\":[{\"@type\":\"ReadAction\",\"target\":[\"https:\\\/\\\/bliss-conseilenimage.fr\\\/478-2\"]}]},{\"@type\":\"WebSite\",\"@id\":\"https:\\\/\\\/bliss-conseilenimage.fr\\\/es\\\/#website\",\"url\":\"https:\\\/\\\/bliss-conseilenimage.fr\\\/es\\\/\",\"name\":\"bliss\",\"description\":\"conseil en image\",\"publisher\":{\"@id\":\"https:\\\/\\\/bliss-conseilenimage.fr\\\/es\\\/#organization\"},\"potentialAction\":[{\"@type\":\"SearchAction\",\"target\":{\"@type\":\"EntryPoint\",\"urlTemplate\":\"https:\\\/\\\/bliss-conseilenimage.fr\\\/es\\\/?s={search_term_string}\"},\"query-input\":{\"@type\":\"PropertyValueSpecification\",\"valueRequired\":true,\"valueName\":\"search_term_string\"}}],\"inLanguage\":\"de-DE\"},{\"@type\":\"Organization\",\"@id\":\"https:\\\/\\\/bliss-conseilenimage.fr\\\/es\\\/#organization\",\"name\":\"bliss\",\"url\":\"https:\\\/\\\/bliss-conseilenimage.fr\\\/es\\\/\",\"logo\":{\"@type\":\"ImageObject\",\"inLanguage\":\"de-DE\",\"@id\":\"https:\\\/\\\/bliss-conseilenimage.fr\\\/es\\\/#\\\/schema\\\/logo\\\/image\\\/\",\"url\":\"http:\\\/\\\/bliss-conseilenimage.fr\\\/wp-content\\\/uploads\\\/2023\\\/09\\\/cropped-cropped-Bliss-cuivre-fond-transparent-1-1.png\",\"contentUrl\":\"http:\\\/\\\/bliss-conseilenimage.fr\\\/wp-content\\\/uploads\\\/2023\\\/09\\\/cropped-cropped-Bliss-cuivre-fond-transparent-1-1.png\",\"width\":335,\"height\":219,\"caption\":\"bliss\"},\"image\":{\"@id\":\"https:\\\/\\\/bliss-conseilenimage.fr\\\/es\\\/#\\\/schema\\\/logo\\\/image\\\/\"}}]}<\/script>\n<!-- \/ Yoast SEO plugin. -->","yoast_head_json":{"title":"- bliss","robots":{"index":"index","follow":"follow","max-snippet":"max-snippet:-1","max-image-preview":"max-image-preview:large","max-video-preview":"max-video-preview:-1"},"canonical":"https:\/\/bliss-conseilenimage.fr\/478-2","og_locale":"de_DE","og_type":"article","og_title":"- bliss","og_url":"https:\/\/bliss-conseilenimage.fr\/478-2","og_site_name":"bliss","article_modified_time":"2023-09-17T09:24:43+00:00","twitter_card":"summary_large_image","twitter_misc":{"Est. reading time":"3 minutes"},"schema":{"@context":"https:\/\/schema.org","@graph":[{"@type":"WebPage","@id":"https:\/\/bliss-conseilenimage.fr\/478-2","url":"https:\/\/bliss-conseilenimage.fr\/478-2","name":"- bliss","isPartOf":{"@id":"https:\/\/bliss-conseilenimage.fr\/es\/#website"},"datePublished":"2023-09-17T09:24:32+00:00","dateModified":"2023-09-17T09:24:43+00:00","inLanguage":"de-DE","potentialAction":[{"@type":"ReadAction","target":["https:\/\/bliss-conseilenimage.fr\/478-2"]}]},{"@type":"WebSite","@id":"https:\/\/bliss-conseilenimage.fr\/es\/#website","url":"https:\/\/bliss-conseilenimage.fr\/es\/","name":"bliss","description":"conseil en image","publisher":{"@id":"https:\/\/bliss-conseilenimage.fr\/es\/#organization"},"potentialAction":[{"@type":"SearchAction","target":{"@type":"EntryPoint","urlTemplate":"https:\/\/bliss-conseilenimage.fr\/es\/?s={search_term_string}"},"query-input":{"@type":"PropertyValueSpecification","valueRequired":true,"valueName":"search_term_string"}}],"inLanguage":"de-DE"},{"@type":"Organization","@id":"https:\/\/bliss-conseilenimage.fr\/es\/#organization","name":"bliss","url":"https:\/\/bliss-conseilenimage.fr\/es\/","logo":{"@type":"ImageObject","inLanguage":"de-DE","@id":"https:\/\/bliss-conseilenimage.fr\/es\/#\/schema\/logo\/image\/","url":"http:\/\/bliss-conseilenimage.fr\/wp-content\/uploads\/2023\/09\/cropped-cropped-Bliss-cuivre-fond-transparent-1-1.png","contentUrl":"http:\/\/bliss-conseilenimage.fr\/wp-content\/uploads\/2023\/09\/cropped-cropped-Bliss-cuivre-fond-transparent-1-1.png","width":335,"height":219,"caption":"bliss"},"image":{"@id":"https:\/\/bliss-conseilenimage.fr\/es\/#\/schema\/logo\/image\/"}}]}},"_links":{"self":[{"href":"http:\/\/bliss-conseilenimage.fr\/de\/wp-json\/wp\/v2\/pages\/478","targetHints":{"allow":["GET"]}}],"collection":[{"href":"http:\/\/bliss-conseilenimage.fr\/de\/wp-json\/wp\/v2\/pages"}],"about":[{"href":"http:\/\/bliss-conseilenimage.fr\/de\/wp-json\/wp\/v2\/types\/page"}],"author":[{"embeddable":true,"href":"http:\/\/bliss-conseilenimage.fr\/de\/wp-json\/wp\/v2\/users\/1"}],"replies":[{"embeddable":true,"href":"http:\/\/bliss-conseilenimage.fr\/de\/wp-json\/wp\/v2\/comments?post=478"}],"version-history":[{"count":1,"href":"http:\/\/bliss-conseilenimage.fr\/de\/wp-json\/wp\/v2\/pages\/478\/revisions"}],"predecessor-version":[{"id":480,"href":"http:\/\/bliss-conseilenimage.fr\/de\/wp-json\/wp\/v2\/pages\/478\/revisions\/480"}],"wp:attachment":[{"href":"http:\/\/bliss-conseilenimage.fr\/de\/wp-json\/wp\/v2\/media?parent=478"}],"curies":[{"name":"wp","href":"https:\/\/api.w.org\/{rel}","templated":true}]}}