{"id":65,"date":"2023-09-16T10:56:34","date_gmt":"2023-09-16T10:56:34","guid":{"rendered":"http:\/\/bliss-conseilenimage.fr\/contact-us"},"modified":"2024-04-16T23:08:16","modified_gmt":"2024-04-16T23:08:16","slug":"contact-us","status":"publish","type":"page","link":"http:\/\/bliss-conseilenimage.fr\/es\/contact-us","title":{"rendered":""},"content":{"rendered":"\t\t<div data-elementor-type=\"wp-page\" data-elementor-id=\"65\" class=\"elementor elementor-65\">\n\t\t\t\t<div class=\"elementor-element elementor-element-3a5032df e-con-full e-flex e-con e-parent\" data-id=\"3a5032df\" data-element_type=\"container\" data-e-type=\"container\">\n\t\t<div class=\"elementor-element elementor-element-69ce3e59 e-con-full e-flex e-con e-child\" data-id=\"69ce3e59\" data-element_type=\"container\" data-e-type=\"container\">\n\t\t<div class=\"elementor-element elementor-element-47cda85a e-con-full e-flex e-con e-child\" data-id=\"47cda85a\" data-element_type=\"container\" data-e-type=\"container\">\n\t\t\t\t<div class=\"elementor-element elementor-element-2ab828d2 elementor-widget elementor-widget-heading\" data-id=\"2ab828d2\" data-element_type=\"widget\" data-e-type=\"widget\" data-widget_type=\"heading.default\">\n\t\t\t\t<div class=\"elementor-widget-container\">\n\t\t\t\t\t<h1 class=\"elementor-heading-title elementor-size-default\">Coaching \u00e0 distance<\/h1>\t\t\t\t<\/div>\n\t\t\t\t<\/div>\n\t\t\t\t<div class=\"elementor-element elementor-element-7890110f elementor-widget__width-initial elementor-invisible elementor-widget elementor-widget-text-editor\" data-id=\"7890110f\" data-element_type=\"widget\" data-e-type=\"widget\" data-settings=\"{&quot;_animation&quot;:&quot;fadeInDown&quot;}\" data-widget_type=\"text-editor.default\">\n\t\t\t\t<div class=\"elementor-widget-container\">\n\t\t\t\t\t\t\t\t\t<p class=\"font_7 wixui-rich-text__text\"><span class=\"wixui-rich-text__text\">Vous avez des questions sur votre style, la composition de vos tenues, vos futurs achats, ou vous aimeriez conna\u00eetre les coupes et mati\u00e8res adapt\u00e9es \u00e0 votre silhouette ?<\/span><\/p><p class=\"font_7 wixui-rich-text__text\"><span class=\"wixui-rich-text__text\"><span class=\"wixGuard wixui-rich-text__text\">\u200b<\/span><\/span><span class=\"wixui-rich-text__text\">Ang\u00e9lique r\u00e9pond \u00e0 toutes vos questions \u00e0 distance.\u00a0<\/span><\/p><p>Demandez un devis gratuit en 1 clic et recevez une r\u00e9ponse sous 48h maximum.<\/p>\t\t\t\t\t\t\t\t<\/div>\n\t\t\t\t<\/div>\n\t\t\t\t<\/div>\n\t\t<div class=\"elementor-element elementor-element-2700ac6e e-con-full e-flex e-con e-child\" data-id=\"2700ac6e\" data-element_type=\"container\" data-e-type=\"container\">\n\t\t\t\t<div class=\"elementor-element elementor-element-5825f00f elementor-widget__width-initial elementor-widget-mobile__width-inherit elementor-widget elementor-widget-icon-box\" data-id=\"5825f00f\" data-element_type=\"widget\" data-e-type=\"widget\" data-widget_type=\"icon-box.default\">\n\t\t\t\t<div class=\"elementor-widget-container\">\n\t\t\t\t\t\t\t<div class=\"elementor-icon-box-wrapper\">\n\n\t\t\t\n\t\t\t\t\t\t<div class=\"elementor-icon-box-content\">\n\n\t\t\t\t\t\t\t\t\t<h3 class=\"elementor-icon-box-title\">\n\t\t\t\t\t\t<span  >\n\t\t\t\t\t\t\tLocalisation\t\t\t\t\t\t<\/span>\n\t\t\t\t\t<\/h3>\n\t\t\t\t\n\t\t\t\t\t\t\t\t\t<p class=\"elementor-icon-box-description\">\n\t\t\t\t\t\t\u00eele de France<br>\t\t\t\t\t<\/p>\n\t\t\t\t\n\t\t\t<\/div>\n\t\t\t\n\t\t<\/div>\n\t\t\t\t\t\t<\/div>\n\t\t\t\t<\/div>\n\t\t\t\t<div class=\"elementor-element elementor-element-5235f9bf elementor-widget__width-initial elementor-widget-mobile__width-inherit elementor-widget elementor-widget-icon-box\" data-id=\"5235f9bf\" data-element_type=\"widget\" data-e-type=\"widget\" data-widget_type=\"icon-box.default\">\n\t\t\t\t<div class=\"elementor-widget-container\">\n\t\t\t\t\t\t\t<div class=\"elementor-icon-box-wrapper\">\n\n\t\t\t\n\t\t\t\t\t\t<div class=\"elementor-icon-box-content\">\n\n\t\t\t\t\t\t\t\t\t<h3 class=\"elementor-icon-box-title\">\n\t\t\t\t\t\t<a href=\"http:\/\/angelique@bliss-conseilenimage.fr\" >\n\t\t\t\t\t\t\tmail\t\t\t\t\t\t<\/a>\n\t\t\t\t\t<\/h3>\n\t\t\t\t\n\t\t\t\t\t\t\t\t\t<p class=\"elementor-icon-box-description\">\n\t\t\t\t\t\tangelique@bliss-conseilenimage.fr\t\t\t\t\t<\/p>\n\t\t\t\t\n\t\t\t<\/div>\n\t\t\t\n\t\t<\/div>\n\t\t\t\t\t\t<\/div>\n\t\t\t\t<\/div>\n\t\t\t\t<div class=\"elementor-element elementor-element-3bd15896 elementor-widget__width-initial elementor-widget-mobile__width-inherit elementor-widget elementor-widget-icon-box\" data-id=\"3bd15896\" data-element_type=\"widget\" data-e-type=\"widget\" data-widget_type=\"icon-box.default\">\n\t\t\t\t<div class=\"elementor-widget-container\">\n\t\t\t\t\t\t\t<div class=\"elementor-icon-box-wrapper\">\n\n\t\t\t\n\t\t\t\t\t\t<div class=\"elementor-icon-box-content\">\n\n\t\t\t\t\t\t\t\t\t<h3 class=\"elementor-icon-box-title\">\n\t\t\t\t\t\t<span  >\n\t\t\t\t\t\t\tT\u00e9l\u00e9phone\t\t\t\t\t\t<\/span>\n\t\t\t\t\t<\/h3>\n\t\t\t\t\n\t\t\t\t\t\t\t\t\t<p class=\"elementor-icon-box-description\">\n\t\t\t\t\t\t+33 6 19 02 75 30\t\t\t\t\t<\/p>\n\t\t\t\t\n\t\t\t<\/div>\n\t\t\t\n\t\t<\/div>\n\t\t\t\t\t\t<\/div>\n\t\t\t\t<\/div>\n\t\t\t\t<\/div>\n\t\t\t\t<\/div>\n\t\t<div class=\"elementor-element elementor-element-34d60fcd e-con-full e-flex e-con e-child\" data-id=\"34d60fcd\" data-element_type=\"container\" data-e-type=\"container\" data-settings=\"{&quot;background_background&quot;:&quot;classic&quot;}\">\n\t\t\t\t<\/div>\n\t\t\t\t<\/div>\n\t\t<div class=\"elementor-element elementor-element-579899a5 e-con-full e-flex e-con e-parent\" data-id=\"579899a5\" data-element_type=\"container\" data-e-type=\"container\">\n\t\t<div class=\"elementor-element elementor-element-630f73e2 e-con-full e-flex e-con e-child\" data-id=\"630f73e2\" data-element_type=\"container\" data-e-type=\"container\" data-settings=\"{&quot;background_background&quot;:&quot;classic&quot;}\">\n\t\t\t\t<\/div>\n\t\t<div class=\"elementor-element elementor-element-6cc7aead e-con-full e-flex e-con e-child\" data-id=\"6cc7aead\" data-element_type=\"container\" data-e-type=\"container\">\n\t\t\t\t<div class=\"elementor-element elementor-element-76b87efe elementor-widget elementor-widget-heading\" data-id=\"76b87efe\" data-element_type=\"widget\" data-e-type=\"widget\" data-widget_type=\"heading.default\">\n\t\t\t\t<div class=\"elementor-widget-container\">\n\t\t\t\t\t<span class=\"elementor-heading-title elementor-size-default\">contact<\/span>\t\t\t\t<\/div>\n\t\t\t\t<\/div>\n\t\t<div class=\"elementor-element elementor-element-55bb79bc e-con-full e-flex e-con e-child\" data-id=\"55bb79bc\" data-element_type=\"container\" data-e-type=\"container\">\n\t\t\t\t<div class=\"elementor-element elementor-element-358f3cbf elementor-widget elementor-widget-heading\" data-id=\"358f3cbf\" data-element_type=\"widget\" data-e-type=\"widget\" data-widget_type=\"heading.default\">\n\t\t\t\t<div class=\"elementor-widget-container\">\n\t\t\t\t\t<h2 class=\"elementor-heading-title elementor-size-default\">Une question, un partenariat ?\n<\/h2>\t\t\t\t<\/div>\n\t\t\t\t<\/div>\n\t\t\t\t<div class=\"elementor-element elementor-element-c4e89ff elementor-widget elementor-widget-text-editor\" data-id=\"c4e89ff\" data-element_type=\"widget\" data-e-type=\"widget\" data-widget_type=\"text-editor.default\">\n\t\t\t\t<div class=\"elementor-widget-container\">\n\t\t\t\t\t\t\t\t\t<p>B\u00e9n\u00e9ficiez d&#8217;un accompagnement complet sur-mesure pour r\u00e9v\u00e9ler vos atouts naturels et optimiser votre capital image.<\/p>\t\t\t\t\t\t\t\t<\/div>\n\t\t\t\t<\/div>\n\t\t\t\t<\/div>\n\t\t\t\t<\/div>\n\t\t\t\t<\/div>\n\t\t<div class=\"elementor-element elementor-element-a2e5448 e-flex e-con-boxed e-con e-parent\" data-id=\"a2e5448\" data-element_type=\"container\" data-e-type=\"container\">\n\t\t\t\t\t<div class=\"e-con-inner\">\n\t\t\t\t<div class=\"elementor-element elementor-element-f3bae49 elementor-widget elementor-widget-formidable\" data-id=\"f3bae49\" data-element_type=\"widget\" data-e-type=\"widget\" data-widget_type=\"formidable.default\">\n\t\t\t\t<div class=\"elementor-widget-container\">\n\t\t\t\t\t<div class=\"frm_forms  with_frm_style frm_style_style-formidable\" id=\"frm_form_2_container\" data-token=\"e734a80626389363c7982ab754da870a\">\n<form enctype=\"multipart\/form-data\" method=\"post\" class=\"frm-show-form  frm_ajax_submit \" id=\"form_formulairededevis\" data-token=\"e734a80626389363c7982ab754da870a\">\n<div class=\"frm_form_fields \">\n<fieldset>\n<legend class=\"frm_screen_reader\">formulaire de devis<\/legend>\r\n\r\n<div class=\"frm_fields_container\">\n<input type=\"hidden\" name=\"frm_action\" value=\"create\" \/>\n<input type=\"hidden\" name=\"form_id\" value=\"2\" \/>\n<input type=\"hidden\" name=\"frm_hide_fields_2\" id=\"frm_hide_fields_2\" value=\"\" \/>\n<input type=\"hidden\" name=\"form_key\" value=\"formulairededevis\" \/>\n<input type=\"hidden\" name=\"item_meta[0]\" value=\"\" \/>\n<input type=\"hidden\" id=\"frm_submit_entry_2\" name=\"frm_submit_entry_2\" value=\"60a01f6311\" \/><input type=\"hidden\" name=\"_wp_http_referer\" value=\"\/es\/wp-json\/wp\/v2\/pages\/65\" \/><div id=\"frm_field_6_container\" class=\"frm_form_field form-field  frm_required_field frm_top_container\">\r\n    <label for=\"field_35ui3\" id=\"field_35ui3_label\" class=\"frm_primary_label\">Pr\u00e9nom\r\n        <span class=\"frm_required\" aria-hidden=\"true\">*<\/span>\r\n    <\/label>\r\n    <input type=\"text\" id=\"field_35ui3\" name=\"item_meta[6]\" value=\"\"  data-reqmsg=\"Pr\u00e9nom cannot be blank.\" aria-required=\"true\" data-invmsg=\"Text is invalid\" aria-invalid=\"false\"  \/>\r\n    \r\n    \r\n<\/div>\n<div id=\"frm_field_7_container\" class=\"frm_form_field form-field  frm_top_container\">\r\n    <label for=\"field_o0hwy\" id=\"field_o0hwy_label\" class=\"frm_primary_label\">Email\r\n        <span class=\"frm_required\" aria-hidden=\"true\"><\/span>\r\n    <\/label>\r\n    <input type=\"email\" id=\"field_o0hwy\" name=\"item_meta[7]\" value=\"\"  data-invmsg=\"Email is invalid\" aria-invalid=\"false\"  \/>\r\n    \r\n    \r\n<\/div>\n<div id=\"frm_field_8_container\" class=\"frm_form_field form-field  frm_required_field frm_top_container\">\r\n    <label for=\"field_3kk5y\" id=\"field_3kk5y_label\" class=\"frm_primary_label\">Quel est votre besoin ? \r\n        <span class=\"frm_required\" aria-hidden=\"true\">*<\/span>\r\n    <\/label>\r\n    \t\t<select name=\"item_meta[8]\" id=\"field_3kk5y\"  data-reqmsg=\"Ce champ ne peut pas \u00eatre vide\" aria-required=\"true\" data-invmsg=\"Quel est votre besoin ?  is invalid\" aria-invalid=\"false\"  >\n\t\t<option  value=\"Formule Bliss\">Formule Bliss<\/option><option  value=\"Etude de colorimetrie\">Etude de colorimetrie<\/option><option  value=\"Morphologie \/ Silhouette\">Morphologie \/ Silhouette<\/option><option  value=\"Personnal shopper\">Personnal shopper<\/option><option  value=\"Tri du dressing\">Tri du dressing<\/option><option  value=\"Morphologie Visage\">Morphologie Visage<\/option><option  value=\"Confiance en soi\">Confiance en soi<\/option><option  value=\"Accompagnement complet\">Accompagnement complet<\/option><option  value=\"Carte cadeau\">Carte cadeau<\/option>\t<\/select>\n\t\r\n    \r\n    \r\n<\/div>\n<div id=\"frm_field_9_container\" class=\"frm_form_field form-field  frm_top_container\">\r\n    <label for=\"field_hzzrs\" id=\"field_hzzrs_label\" class=\"frm_primary_label\">Phone\r\n        <span class=\"frm_required\" aria-hidden=\"true\"><\/span>\r\n    <\/label>\r\n    <input type=\"tel\" id=\"field_hzzrs\" name=\"item_meta[9]\" value=\"\"  data-invmsg=\"Phone is invalid\" aria-invalid=\"false\" pattern=\"((\\+\\d{1,3}(-|.| )?\\(?\\d\\)?(-| |.)?\\d{1,5})|(\\(?\\d{2,6}\\)?))(-|.| )?(\\d{3,4})(-|.| )?(\\d{4})(( x| ext)\\d{1,5}){0,1}$\"  \/>\r\n    \r\n    \r\n<\/div>\n<div id=\"frm_field_10_container\" class=\"frm_form_field form-field  frm_top_container\">\r\n    <label for=\"field_onusd\" id=\"field_onusd_label\" class=\"frm_primary_label\">D\u00e9crivez votre besoin\r\n        <span class=\"frm_required\" aria-hidden=\"true\"><\/span>\r\n    <\/label>\r\n    <textarea name=\"item_meta[10]\" id=\"field_onusd\" rows=\"5\"  data-invmsg=\"D\u00e9crivez votre besoin is invalid\" aria-invalid=\"false\"  ><\/textarea>\r\n    \r\n    \r\n<\/div>\n<div id=\"frm_field_11_container\" class=\"frm_form_field form-field \">\n\t<div class=\"frm_submit\">\r\n\r\n<button class=\"frm_button_submit\" type=\"submit\"  >\ud835\udc03\ud835\udc04\ud835\udc15\ud835\udc08\ud835\udc12 \ud835\udc06\ud835\udc11\ud835\udc00\ud835\udc13\ud835\udc14\ud835\udc08\ud835\udc13<\/button>\r\n\r\n\r\n<\/div>\n<\/div>\n\t<input type=\"hidden\" name=\"item_key\" value=\"\" \/>\n\t\t\t<div id=\"frm_field_15_container\">\n\t\t\t<label for=\"field_593r1\" >\n\t\t\t\tIf you are human, leave this field blank.\t\t\t<\/label>\n\t\t\t<input  id=\"field_593r1\" type=\"text\" class=\"frm_form_field form-field frm_verify\" name=\"item_meta[15]\" value=\"\"  \/>\n\t\t<\/div>\n\t\t<input name=\"frm_state\" type=\"hidden\" value=\"PfO\/GQHoE7bF2vmQQz8vQtlGrBKLXz9UHhGV2MsG1qs=\" \/><\/div>\n<\/fieldset>\n<\/div>\n\n<\/form>\n<\/div>\n\t\t\t\t<\/div>\n\t\t\t\t<\/div>\n\t\t\t\t\t<\/div>\n\t\t\t\t<\/div>\n\t\t\t\t<\/div>\n\t\t","protected":false},"excerpt":{"rendered":"<p>Coaching \u00e0 distance Vous avez des questions sur votre style, la composition de vos tenues, vos futurs achats, ou vous aimeriez conna\u00eetre les coupes et mati\u00e8res adapt\u00e9es \u00e0 votre silhouette ? \u200bAng\u00e9lique r\u00e9pond \u00e0 toutes vos questions \u00e0 distance.\u00a0 Demandez un devis gratuit en 1 clic et recevez une r\u00e9ponse sous 48h maximum. Localisation \u00eele [&hellip;]<\/p>\n","protected":false},"author":1,"featured_media":0,"parent":0,"menu_order":0,"comment_status":"closed","ping_status":"closed","template":"elementor_header_footer","meta":{"ocean_post_layout":"","ocean_both_sidebars_style":"","ocean_both_sidebars_content_width":0,"ocean_both_sidebars_sidebars_width":0,"ocean_sidebar":"","ocean_second_sidebar":"","ocean_disable_margins":"enable","ocean_add_body_class":"","ocean_shortcode_before_top_bar":"","ocean_shortcode_after_top_bar":"","ocean_shortcode_before_header":"","ocean_shortcode_after_header":"","ocean_has_shortcode":"","ocean_shortcode_after_title":"","ocean_shortcode_before_footer_widgets":"","ocean_shortcode_after_footer_widgets":"","ocean_shortcode_before_footer_bottom":"","ocean_shortcode_after_footer_bottom":"","ocean_display_top_bar":"default","ocean_display_header":"default","ocean_header_style":"","ocean_center_header_left_menu":"","ocean_custom_header_template":"","ocean_custom_logo":0,"ocean_custom_retina_logo":0,"ocean_custom_logo_max_width":0,"ocean_custom_logo_tablet_max_width":0,"ocean_custom_logo_mobile_max_width":0,"ocean_custom_logo_max_height":0,"ocean_custom_logo_tablet_max_height":0,"ocean_custom_logo_mobile_max_height":0,"ocean_header_custom_menu":"","ocean_menu_typo_font_family":"","ocean_menu_typo_font_subset":"","ocean_menu_typo_font_size":0,"ocean_menu_typo_font_size_tablet":0,"ocean_menu_typo_font_size_mobile":0,"ocean_menu_typo_font_size_unit":"px","ocean_menu_typo_font_weight":"","ocean_menu_typo_font_weight_tablet":"","ocean_menu_typo_font_weight_mobile":"","ocean_menu_typo_transform":"","ocean_menu_typo_transform_tablet":"","ocean_menu_typo_transform_mobile":"","ocean_menu_typo_line_height":0,"ocean_menu_typo_line_height_tablet":0,"ocean_menu_typo_line_height_mobile":0,"ocean_menu_typo_line_height_unit":"","ocean_menu_typo_spacing":0,"ocean_menu_typo_spacing_tablet":0,"ocean_menu_typo_spacing_mobile":0,"ocean_menu_typo_spacing_unit":"","ocean_menu_link_color":"","ocean_menu_link_color_hover":"","ocean_menu_link_color_active":"","ocean_menu_link_background":"","ocean_menu_link_hover_background":"","ocean_menu_link_active_background":"","ocean_menu_social_links_bg":"","ocean_menu_social_hover_links_bg":"","ocean_menu_social_links_color":"","ocean_menu_social_hover_links_color":"","ocean_disable_title":"default","ocean_disable_heading":"default","ocean_post_title":"","ocean_post_subheading":"","ocean_post_title_style":"","ocean_post_title_background_color":"","ocean_post_title_background":0,"ocean_post_title_bg_image_position":"","ocean_post_title_bg_image_attachment":"","ocean_post_title_bg_image_repeat":"","ocean_post_title_bg_image_size":"","ocean_post_title_height":0,"ocean_post_title_bg_overlay":0.5,"ocean_post_title_bg_overlay_color":"","ocean_disable_breadcrumbs":"default","ocean_breadcrumbs_color":"","ocean_breadcrumbs_separator_color":"","ocean_breadcrumbs_links_color":"","ocean_breadcrumbs_links_hover_color":"","ocean_display_footer_widgets":"default","ocean_display_footer_bottom":"default","ocean_custom_footer_template":"","footnotes":""},"class_list":["post-65","page","type-page","status-publish","hentry","entry"],"translation":{"provider":"WPGlobus","version":"3.0.2","language":"es","enabled_languages":["en","es","de","fr","ru"],"languages":{"en":{"title":false,"content":true,"excerpt":false},"es":{"title":false,"content":false,"excerpt":false},"de":{"title":false,"content":false,"excerpt":false},"fr":{"title":false,"content":false,"excerpt":false},"ru":{"title":false,"content":false,"excerpt":false}}},"yoast_head":"<!-- This site is optimized with the Yoast SEO plugin v27.5 - https:\/\/yoast.com\/product\/yoast-seo-wordpress\/ -->\n<title>- bliss<\/title>\n<meta name=\"robots\" content=\"index, follow, max-snippet:-1, max-image-preview:large, max-video-preview:-1\" \/>\n<link rel=\"canonical\" href=\"http:\/\/bliss-conseilenimage.fr\/es\/contact-us\" \/>\n<meta property=\"og:locale\" content=\"es_ES\" \/>\n<meta property=\"og:type\" content=\"article\" \/>\n<meta property=\"og:title\" content=\"- bliss\" \/>\n<meta property=\"og:url\" content=\"http:\/\/bliss-conseilenimage.fr\/es\/contact-us\" \/>\n<meta property=\"og:site_name\" content=\"bliss\" \/>\n<meta property=\"article:modified_time\" content=\"2024-04-16T23:08:16+00:00\" \/>\n<meta name=\"twitter:card\" content=\"summary_large_image\" \/>\n<meta name=\"twitter:label1\" content=\"Est. reading time\" \/>\n\t<meta name=\"twitter:data1\" content=\"1 minute\" \/>\n<script type=\"application\/ld+json\" class=\"yoast-schema-graph\">{\"@context\":\"https:\\\/\\\/schema.org\",\"@graph\":[{\"@type\":\"WebPage\",\"@id\":\"http:\\\/\\\/bliss-conseilenimage.fr\\\/es\\\/contact-us\",\"url\":\"http:\\\/\\\/bliss-conseilenimage.fr\\\/es\\\/contact-us\",\"name\":\"- bliss\",\"isPartOf\":{\"@id\":\"https:\\\/\\\/bliss-conseilenimage.fr\\\/es\\\/#website\"},\"datePublished\":\"2023-09-16T10:56:34+00:00\",\"dateModified\":\"2024-04-16T23:08:16+00:00\",\"inLanguage\":\"es-ES\",\"potentialAction\":[{\"@type\":\"ReadAction\",\"target\":[\"http:\\\/\\\/bliss-conseilenimage.fr\\\/es\\\/contact-us\"]}]},{\"@type\":\"WebSite\",\"@id\":\"https:\\\/\\\/bliss-conseilenimage.fr\\\/es\\\/#website\",\"url\":\"https:\\\/\\\/bliss-conseilenimage.fr\\\/es\\\/\",\"name\":\"bliss\",\"description\":\"conseil en image\",\"publisher\":{\"@id\":\"https:\\\/\\\/bliss-conseilenimage.fr\\\/es\\\/#organization\"},\"potentialAction\":[{\"@type\":\"SearchAction\",\"target\":{\"@type\":\"EntryPoint\",\"urlTemplate\":\"https:\\\/\\\/bliss-conseilenimage.fr\\\/es\\\/?s={search_term_string}\"},\"query-input\":{\"@type\":\"PropertyValueSpecification\",\"valueRequired\":true,\"valueName\":\"search_term_string\"}}],\"inLanguage\":\"es-ES\"},{\"@type\":\"Organization\",\"@id\":\"https:\\\/\\\/bliss-conseilenimage.fr\\\/es\\\/#organization\",\"name\":\"bliss\",\"url\":\"https:\\\/\\\/bliss-conseilenimage.fr\\\/es\\\/\",\"logo\":{\"@type\":\"ImageObject\",\"inLanguage\":\"es-ES\",\"@id\":\"https:\\\/\\\/bliss-conseilenimage.fr\\\/es\\\/#\\\/schema\\\/logo\\\/image\\\/\",\"url\":\"http:\\\/\\\/bliss-conseilenimage.fr\\\/wp-content\\\/uploads\\\/2023\\\/09\\\/cropped-cropped-Bliss-cuivre-fond-transparent-1-1.png\",\"contentUrl\":\"http:\\\/\\\/bliss-conseilenimage.fr\\\/wp-content\\\/uploads\\\/2023\\\/09\\\/cropped-cropped-Bliss-cuivre-fond-transparent-1-1.png\",\"width\":335,\"height\":219,\"caption\":\"bliss\"},\"image\":{\"@id\":\"https:\\\/\\\/bliss-conseilenimage.fr\\\/es\\\/#\\\/schema\\\/logo\\\/image\\\/\"}}]}<\/script>\n<!-- \/ Yoast SEO plugin. -->","yoast_head_json":{"title":"- bliss","robots":{"index":"index","follow":"follow","max-snippet":"max-snippet:-1","max-image-preview":"max-image-preview:large","max-video-preview":"max-video-preview:-1"},"canonical":"http:\/\/bliss-conseilenimage.fr\/es\/contact-us","og_locale":"es_ES","og_type":"article","og_title":"- bliss","og_url":"http:\/\/bliss-conseilenimage.fr\/es\/contact-us","og_site_name":"bliss","article_modified_time":"2024-04-16T23:08:16+00:00","twitter_card":"summary_large_image","twitter_misc":{"Est. reading time":"1 minute"},"schema":{"@context":"https:\/\/schema.org","@graph":[{"@type":"WebPage","@id":"http:\/\/bliss-conseilenimage.fr\/es\/contact-us","url":"http:\/\/bliss-conseilenimage.fr\/es\/contact-us","name":"- bliss","isPartOf":{"@id":"https:\/\/bliss-conseilenimage.fr\/es\/#website"},"datePublished":"2023-09-16T10:56:34+00:00","dateModified":"2024-04-16T23:08:16+00:00","inLanguage":"es-ES","potentialAction":[{"@type":"ReadAction","target":["http:\/\/bliss-conseilenimage.fr\/es\/contact-us"]}]},{"@type":"WebSite","@id":"https:\/\/bliss-conseilenimage.fr\/es\/#website","url":"https:\/\/bliss-conseilenimage.fr\/es\/","name":"bliss","description":"conseil en image","publisher":{"@id":"https:\/\/bliss-conseilenimage.fr\/es\/#organization"},"potentialAction":[{"@type":"SearchAction","target":{"@type":"EntryPoint","urlTemplate":"https:\/\/bliss-conseilenimage.fr\/es\/?s={search_term_string}"},"query-input":{"@type":"PropertyValueSpecification","valueRequired":true,"valueName":"search_term_string"}}],"inLanguage":"es-ES"},{"@type":"Organization","@id":"https:\/\/bliss-conseilenimage.fr\/es\/#organization","name":"bliss","url":"https:\/\/bliss-conseilenimage.fr\/es\/","logo":{"@type":"ImageObject","inLanguage":"es-ES","@id":"https:\/\/bliss-conseilenimage.fr\/es\/#\/schema\/logo\/image\/","url":"http:\/\/bliss-conseilenimage.fr\/wp-content\/uploads\/2023\/09\/cropped-cropped-Bliss-cuivre-fond-transparent-1-1.png","contentUrl":"http:\/\/bliss-conseilenimage.fr\/wp-content\/uploads\/2023\/09\/cropped-cropped-Bliss-cuivre-fond-transparent-1-1.png","width":335,"height":219,"caption":"bliss"},"image":{"@id":"https:\/\/bliss-conseilenimage.fr\/es\/#\/schema\/logo\/image\/"}}]}},"_links":{"self":[{"href":"http:\/\/bliss-conseilenimage.fr\/es\/wp-json\/wp\/v2\/pages\/65","targetHints":{"allow":["GET"]}}],"collection":[{"href":"http:\/\/bliss-conseilenimage.fr\/es\/wp-json\/wp\/v2\/pages"}],"about":[{"href":"http:\/\/bliss-conseilenimage.fr\/es\/wp-json\/wp\/v2\/types\/page"}],"author":[{"embeddable":true,"href":"http:\/\/bliss-conseilenimage.fr\/es\/wp-json\/wp\/v2\/users\/1"}],"replies":[{"embeddable":true,"href":"http:\/\/bliss-conseilenimage.fr\/es\/wp-json\/wp\/v2\/comments?post=65"}],"version-history":[{"count":58,"href":"http:\/\/bliss-conseilenimage.fr\/es\/wp-json\/wp\/v2\/pages\/65\/revisions"}],"predecessor-version":[{"id":955,"href":"http:\/\/bliss-conseilenimage.fr\/es\/wp-json\/wp\/v2\/pages\/65\/revisions\/955"}],"wp:attachment":[{"href":"http:\/\/bliss-conseilenimage.fr\/es\/wp-json\/wp\/v2\/media?parent=65"}],"curies":[{"name":"wp","href":"https:\/\/api.w.org\/{rel}","templated":true}]}}